{"id":87,"date":"2021-01-05T15:01:27","date_gmt":"2021-01-05T13:01:27","guid":{"rendered":"http:\/\/35hn100.at\/?page_id=87"},"modified":"2021-01-05T15:47:01","modified_gmt":"2021-01-05T13:47:01","slug":"disclaimer","status":"publish","type":"page","link":"https:\/\/35hn100.at\/?page_id=87","title":{"rendered":"Disclaimer"},"content":{"rendered":"\n<p>Trotz sorgf\u00e4ltiger inhaltlicher Kontrolle \u00fcbernimmt der Webseitenbetreiber (von <a href=\"https:\/\/35hn100.at\">https:\/\/35hn100.at<\/a>, Alfred Lindner) keine Haftung f\u00fcr die Inhalte externer Links. F\u00fcr den Inhalt der verlinkten Seiten sind ausschlie\u00dflich deren Betreiber verantwortlich. Sollten Sie dennoch auf ausgehende Links aufmerksam werden, welche auf eine Webseite mit rechtswidriger T\u00e4tigkeit\/Information verweisen, ersuchen wir um dementsprechenden Hinweis (<a href=\"mailto:eqsl.35hn100@gmx.at\">eqsl.35hn100@gmx.at<\/a>), um diesen nach \u00a7 17 Abs. 2 ECG umgehend zu entfernen.<\/p>\n\n\n\n<p>Die Urheberrechte Dritter werden vom Betreiber mit bestm\u00f6glicher Sorgfalt beachtet. Sollten Sie trotzdem auf eine Urheberrechtsverletzung aufmerksam werden, bitten wir um einen entsprechenden Hinweis an (<a href=\"mailto:eqsl.35hn100@gmx.at\">eqsl.35hn100@gmx.at<\/a>). Bei Bekanntwerden derartiger Rechtsverletzungen werden wir den betroffenen Inhalt umgehend entfernen.<\/p>\n\n\n\n<p>Quelle: <a href=\"https:\/\/advolist.at\">Advolist<\/a><\/p>\n","protected":false},"excerpt":{"rendered":"<p>Trotz sorgf\u00e4ltiger inhaltlicher Kontrolle \u00fcbernimmt der Webseitenbetreiber (von https:\/\/35hn100.at, Alfred Lindner) keine Haftung f\u00fcr die Inhalte externer Links. F\u00fcr den Inhalt der verlinkten Seiten sind ausschlie\u00dflich deren Betreiber verantwortlich. Sollten Sie dennoch auf ausgehende Links aufmerksam werden, welche auf eine Webseite mit rechtswidriger T\u00e4tigkeit\/Information verweisen, ersuchen wir um dementsprechenden Hinweis (eqsl.35hn100@gmx.at), um diesen nach \u00a7 [&hellip;]<\/p>\n","protected":false},"author":1,"featured_media":0,"parent":0,"menu_order":0,"comment_status":"closed","ping_status":"closed","template":"","meta":{"footnotes":""},"class_list":["post-87","page","type-page","status-publish","hentry"],"_links":{"self":[{"href":"https:\/\/35hn100.at\/index.php?rest_route=\/wp\/v2\/pages\/87","targetHints":{"allow":["GET"]}}],"collection":[{"href":"https:\/\/35hn100.at\/index.php?rest_route=\/wp\/v2\/pages"}],"about":[{"href":"https:\/\/35hn100.at\/index.php?rest_route=\/wp\/v2\/types\/page"}],"author":[{"embeddable":true,"href":"https:\/\/35hn100.at\/index.php?rest_route=\/wp\/v2\/users\/1"}],"replies":[{"embeddable":true,"href":"https:\/\/35hn100.at\/index.php?rest_route=%2Fwp%2Fv2%2Fcomments&post=87"}],"version-history":[{"count":2,"href":"https:\/\/35hn100.at\/index.php?rest_route=\/wp\/v2\/pages\/87\/revisions"}],"predecessor-version":[{"id":103,"href":"https:\/\/35hn100.at\/index.php?rest_route=\/wp\/v2\/pages\/87\/revisions\/103"}],"wp:attachment":[{"href":"https:\/\/35hn100.at\/index.php?rest_route=%2Fwp%2Fv2%2Fmedia&parent=87"}],"curies":[{"name":"wp","href":"https:\/\/api.w.org\/{rel}","templated":true}]}}